{"id":1373,"date":"2022-06-02T11:45:50","date_gmt":"2022-06-02T11:45:50","guid":{"rendered":"https:\/\/zippy-fold.flywheelsites.com\/?page_id=1373"},"modified":"2024-12-13T16:20:33","modified_gmt":"2024-12-13T16:20:33","slug":"blog","status":"publish","type":"page","link":"https:\/\/m2m-allnet.com\/en\/blog\/","title":{"rendered":"Blog"},"content":{"rendered":"<div data-elementor-type=\"wp-page\" data-elementor-id=\"1373\" class=\"elementor elementor-1373\" data-elementor-post-type=\"page\">\n\t\t\t\t\t\t<section class=\"elementor-section elementor-top-section elementor-element elementor-element-a8d4ae9 elementor-section-full_width elementor-section-height-min-height elementor-section-height-default elementor-section-items-middle\" data-id=\"a8d4ae9\" data-element_type=\"section\" data-e-type=\"section\" data-settings=\"{&quot;shape_divider_bottom&quot;:&quot;curve&quot;,&quot;shape_divider_bottom_negative&quot;:&quot;yes&quot;,&quot;background_background&quot;:&quot;classic&quot;}\">\n\t\t\t\t\t\t\t<div class=\"elementor-background-overlay\"><\/div>\n\t\t\t\t\t\t<div class=\"elementor-shape elementor-shape-bottom\" aria-hidden=\"true\" data-negative=\"true\">\n\t\t\t<svg xmlns=\"http:\/\/www.w3.org\/2000\/svg\" viewbox=\"0 0 1000 100\" preserveaspectratio=\"none\">\n\t<path class=\"elementor-shape-fill\" d=\"M500,97C126.7,96.3,0.8,19.8,0,0v100l1000,0V1C1000,19.4,873.3,97.8,500,97z\"\/>\n<\/svg>\t\t<\/div>\n\t\t\t\t\t<div class=\"elementor-container elementor-column-gap-default\">\n\t\t\t\t\t<div class=\"elementor-column elementor-col-100 elementor-top-column elementor-element elementor-element-bb43c95\" data-id=\"bb43c95\" data-element_type=\"column\" data-e-type=\"column\">\n\t\t\t<div class=\"elementor-widget-wrap elementor-element-populated\">\n\t\t\t\t\t\t<div class=\"elementor-element elementor-element-0a4ea23 elementor-widget elementor-widget-heading\" data-id=\"0a4ea23\" data-element_type=\"widget\" data-e-type=\"widget\" data-widget_type=\"heading.default\">\n\t\t\t\t<div class=\"elementor-widget-container\">\n\t\t\t\t\t<h1 class=\"elementor-heading-title elementor-size-default\">M2M Allnet Blog<\/h1>\t\t\t\t<\/div>\n\t\t\t\t<\/div>\n\t\t\t\t\t<\/div>\n\t\t<\/div>\n\t\t\t\t\t<\/div>\n\t\t<\/section>\n\t\t\t\t<section class=\"elementor-section elementor-top-section elementor-element elementor-element-9ec9bd2 elementor-section-boxed elementor-section-height-default elementor-section-height-default\" data-id=\"9ec9bd2\" data-element_type=\"section\" data-e-type=\"section\" data-settings=\"{&quot;background_background&quot;:&quot;classic&quot;}\">\n\t\t\t\t\t\t<div class=\"elementor-container elementor-column-gap-default\">\n\t\t\t\t\t<div class=\"elementor-column elementor-col-100 elementor-top-column elementor-element elementor-element-b774a44\" data-id=\"b774a44\" data-element_type=\"column\" data-e-type=\"column\">\n\t\t\t<div class=\"elementor-widget-wrap elementor-element-populated\">\n\t\t\t\t\t\t<div class=\"elementor-element elementor-element-5a8618e elementor-widget elementor-widget-heading\" data-id=\"5a8618e\" data-element_type=\"widget\" data-e-type=\"widget\" data-widget_type=\"heading.default\">\n\t\t\t\t<div class=\"elementor-widget-container\">\n\t\t\t\t\t<h2 class=\"elementor-heading-title elementor-size-default\">Things to know about M2M and IoT<\/h2>\t\t\t\t<\/div>\n\t\t\t\t<\/div>\n\t\t\t\t<div class=\"elementor-element elementor-element-6b15790 elementor-widget elementor-widget-text-editor\" data-id=\"6b15790\" data-element_type=\"widget\" data-e-type=\"widget\" data-widget_type=\"text-editor.default\">\n\t\t\t\t<div class=\"elementor-widget-container\">\n\t\t\t\t\t\t\t\t\t<p>In our blog you will find contributions in the field of M2M and IoT. We are experts in this field and would like to share our many years of experience with you. We take you on a journey into the professional world, inform you about new trend topics and occasionally give you a glimpse behind the scenes of our company.<\/p>\t\t\t\t\t\t\t\t<\/div>\n\t\t\t\t<\/div>\n\t\t\t\t\t<\/div>\n\t\t<\/div>\n\t\t\t\t\t<\/div>\n\t\t<\/section>\n\t\t\t\t<section class=\"elementor-section elementor-top-section elementor-element elementor-element-04b5912 elementor-section-boxed elementor-section-height-default elementor-section-height-default\" data-id=\"04b5912\" data-element_type=\"section\" data-e-type=\"section\">\n\t\t\t\t\t\t<div class=\"elementor-container elementor-column-gap-default\">\n\t\t\t\t\t<div class=\"elementor-column elementor-col-100 elementor-top-column elementor-element elementor-element-64dc458\" data-id=\"64dc458\" data-element_type=\"column\" data-e-type=\"column\">\n\t\t\t<div class=\"elementor-widget-wrap elementor-element-populated\">\n\t\t\t\t\t\t<div class=\"elementor-element elementor-element-5a4109f elementor-grid-3 elementor-grid-tablet-2 elementor-grid-mobile-1 elementor-posts--thumbnail-top elementor-card-shadow-yes elementor-posts__hover-gradient elementor-widget elementor-widget-posts\" data-id=\"5a4109f\" data-element_type=\"widget\" data-e-type=\"widget\" data-settings=\"{&quot;cards_columns&quot;:&quot;3&quot;,&quot;cards_columns_tablet&quot;:&quot;2&quot;,&quot;cards_columns_mobile&quot;:&quot;1&quot;,&quot;cards_row_gap&quot;:{&quot;unit&quot;:&quot;px&quot;,&quot;size&quot;:35,&quot;sizes&quot;:[]},&quot;cards_row_gap_tablet&quot;:{&quot;unit&quot;:&quot;px&quot;,&quot;size&quot;:&quot;&quot;,&quot;sizes&quot;:[]},&quot;cards_row_gap_mobile&quot;:{&quot;unit&quot;:&quot;px&quot;,&quot;size&quot;:&quot;&quot;,&quot;sizes&quot;:[]}}\" data-widget_type=\"posts.cards\">\n\t\t\t\t<div class=\"elementor-widget-container\">\n\t\t\t\t\t\t\t<div class=\"elementor-posts-container elementor-posts elementor-posts--skin-cards elementor-grid\" role=\"list\">\n\t\t\t\t<article class=\"elementor-post elementor-grid-item post-11967 post type-post status-publish format-standard has-post-thumbnail hentry category-uncategorized\" role=\"listitem\">\n\t\t\t<div class=\"elementor-post__card\">\n\t\t\t\t<a class=\"elementor-post__thumbnail__link\" href=\"https:\/\/m2m-allnet.com\/en\/blog\/iot-connectivity\/\" tabindex=\"-1\" ><div class=\"elementor-post__thumbnail\"><img fetchpriority=\"high\" decoding=\"async\" width=\"300\" height=\"200\" src=\"https:\/\/m2m-allnet.com\/wp-content\/uploads\/2026\/02\/106502033_l-300x200.jpg\" class=\"attachment-medium size-medium wp-image-11980\" alt=\"Netzwerkswitch mit angeschlossenen Ethernet-Kabeln im Rechenzentrum, \u00fcberlagert von grafischen WLAN- und Verbindungssymbolen, die ein digitales Netzwerk darstellen.\" srcset=\"https:\/\/m2m-allnet.com\/wp-content\/uploads\/2026\/02\/106502033_l-300x200.jpg 300w, https:\/\/m2m-allnet.com\/wp-content\/uploads\/2026\/02\/106502033_l-1024x682.jpg 1024w, https:\/\/m2m-allnet.com\/wp-content\/uploads\/2026\/02\/106502033_l-768x512.jpg 768w, https:\/\/m2m-allnet.com\/wp-content\/uploads\/2026\/02\/106502033_l-1536x1023.jpg 1536w, https:\/\/m2m-allnet.com\/wp-content\/uploads\/2026\/02\/106502033_l-2048x1364.jpg 2048w, https:\/\/m2m-allnet.com\/wp-content\/uploads\/2026\/02\/106502033_l-18x12.jpg 18w\" sizes=\"(max-width: 300px) 100vw, 300px\" \/><\/div><\/a>\n\t\t\t\t<div class=\"elementor-post__text\">\n\t\t\t\t<h3 class=\"elementor-post__title\">\n\t\t\t<a href=\"https:\/\/m2m-allnet.com\/en\/blog\/iot-connectivity\/\" >\n\t\t\t\tIoT-Connectivity f\u00fcr die Vernetzung smarte Systeme\t\t\t<\/a>\n\t\t<\/h3>\n\t\t\t\t<div class=\"elementor-post__excerpt\">\n\t\t\t<p>IoT-Connectivity f\u00fcr die Vernetzung smarte Systeme Die digitale Vernetzung von Maschinen, Sensoren und Ger\u00e4ten nimmt rasant zu \u2013 in der Industrie, Energieversorgung, Sicherheits- und Baubranche.<\/p>\n\t\t<\/div>\n\t\t\n\t\t<a class=\"elementor-post__read-more\" href=\"https:\/\/m2m-allnet.com\/en\/blog\/iot-connectivity\/\" aria-label=\"Read more about IoT-Connectivity f\u00fcr die Vernetzung smarte Systeme\" tabindex=\"-1\" >\n\t\t\tREAD MORE\t\t<\/a>\n\n\t\t\t\t<\/div>\n\t\t\t\t\t<\/div>\n\t\t<\/article>\n\t\t\t\t<article class=\"elementor-post elementor-grid-item post-11961 post type-post status-publish format-standard has-post-thumbnail hentry category-uncategorized\" role=\"listitem\">\n\t\t\t<div class=\"elementor-post__card\">\n\t\t\t\t<a class=\"elementor-post__thumbnail__link\" href=\"https:\/\/m2m-allnet.com\/en\/blog\/das-esim-profil\/\" tabindex=\"-1\" ><div class=\"elementor-post__thumbnail\"><img decoding=\"async\" width=\"300\" height=\"169\" src=\"https:\/\/m2m-allnet.com\/wp-content\/uploads\/2026\/02\/252902578_l-300x169.jpg\" class=\"attachment-medium size-medium wp-image-11973\" alt=\"Hand h\u00e4lt Smartphone, aus dem ein leuchtender Mikrochip mit digitalen Leiterbahnen und Datensymbolen holografisch dargestellt wird.\" srcset=\"https:\/\/m2m-allnet.com\/wp-content\/uploads\/2026\/02\/252902578_l-300x169.jpg 300w, https:\/\/m2m-allnet.com\/wp-content\/uploads\/2026\/02\/252902578_l-1024x576.jpg 1024w, https:\/\/m2m-allnet.com\/wp-content\/uploads\/2026\/02\/252902578_l-768x432.jpg 768w, https:\/\/m2m-allnet.com\/wp-content\/uploads\/2026\/02\/252902578_l-1536x864.jpg 1536w, https:\/\/m2m-allnet.com\/wp-content\/uploads\/2026\/02\/252902578_l-2048x1152.jpg 2048w, https:\/\/m2m-allnet.com\/wp-content\/uploads\/2026\/02\/252902578_l-18x10.jpg 18w\" sizes=\"(max-width: 300px) 100vw, 300px\" \/><\/div><\/a>\n\t\t\t\t<div class=\"elementor-post__text\">\n\t\t\t\t<h3 class=\"elementor-post__title\">\n\t\t\t<a href=\"https:\/\/m2m-allnet.com\/en\/blog\/das-esim-profil\/\" >\n\t\t\t\tDas eSIM-Profil: Netzprofile f\u00fcr M2M-Anwendungen\t\t\t<\/a>\n\t\t<\/h3>\n\t\t\t\t<div class=\"elementor-post__excerpt\">\n\t\t\t<p>Das eSIM-Profil: Netzprofile f\u00fcr M2M-Anwendungen Die klassische SIM-Karte hat in vielen Bereichen ausgedient \u2013 vor allem im professionellen M2M- und IoT-Umfeld. Denn wenn Ger\u00e4te zuverl\u00e4ssig,<\/p>\n\t\t<\/div>\n\t\t\n\t\t<a class=\"elementor-post__read-more\" href=\"https:\/\/m2m-allnet.com\/en\/blog\/das-esim-profil\/\" aria-label=\"Read more about Das eSIM-Profil: Netzprofile f\u00fcr M2M-Anwendungen\" tabindex=\"-1\" >\n\t\t\tREAD MORE\t\t<\/a>\n\n\t\t\t\t<\/div>\n\t\t\t\t\t<\/div>\n\t\t<\/article>\n\t\t\t\t<article class=\"elementor-post elementor-grid-item post-11946 post type-post status-publish format-standard has-post-thumbnail hentry category-uncategorized\" role=\"listitem\">\n\t\t\t<div class=\"elementor-post__card\">\n\t\t\t\t<a class=\"elementor-post__thumbnail__link\" href=\"https:\/\/m2m-allnet.com\/en\/blog\/iot-netz-verstehen\/\" tabindex=\"-1\" ><div class=\"elementor-post__thumbnail\"><img decoding=\"async\" width=\"300\" height=\"200\" src=\"https:\/\/m2m-allnet.com\/wp-content\/uploads\/2026\/02\/futuristic-smart-city-with-5g-global-network-technology-1-300x200.jpg\" class=\"attachment-medium size-medium wp-image-11952\" alt=\"Stadtansicht mit vernetzten digitalen Symbolen f\u00fcr WLAN, Internet, Tablet, Cloud und Finanzen \u00fcber Geb\u00e4uden\" srcset=\"https:\/\/m2m-allnet.com\/wp-content\/uploads\/2026\/02\/futuristic-smart-city-with-5g-global-network-technology-1-300x200.jpg 300w, https:\/\/m2m-allnet.com\/wp-content\/uploads\/2026\/02\/futuristic-smart-city-with-5g-global-network-technology-1-1024x683.jpg 1024w, https:\/\/m2m-allnet.com\/wp-content\/uploads\/2026\/02\/futuristic-smart-city-with-5g-global-network-technology-1-768x512.jpg 768w, https:\/\/m2m-allnet.com\/wp-content\/uploads\/2026\/02\/futuristic-smart-city-with-5g-global-network-technology-1-1536x1024.jpg 1536w, https:\/\/m2m-allnet.com\/wp-content\/uploads\/2026\/02\/futuristic-smart-city-with-5g-global-network-technology-1-2048x1365.jpg 2048w, https:\/\/m2m-allnet.com\/wp-content\/uploads\/2026\/02\/futuristic-smart-city-with-5g-global-network-technology-1-18x12.jpg 18w\" sizes=\"(max-width: 300px) 100vw, 300px\" \/><\/div><\/a>\n\t\t\t\t<div class=\"elementor-post__text\">\n\t\t\t\t<h3 class=\"elementor-post__title\">\n\t\t\t<a href=\"https:\/\/m2m-allnet.com\/en\/blog\/iot-netz-verstehen\/\" >\n\t\t\t\tIoT-Netz verstehen: Grundlagen, Aufbau und Nutzen\t\t\t<\/a>\n\t\t<\/h3>\n\t\t\t\t<div class=\"elementor-post__excerpt\">\n\t\t\t<p>IoT-Netz verstehen: Grundlagen, Aufbau und Nutzen Ein IoT-Netz bildet die technische Basis f\u00fcr die Vernetzung moderner Ger\u00e4te, Maschinen und Systeme. Auf diese Weise soll f\u00fcr<\/p>\n\t\t<\/div>\n\t\t\n\t\t<a class=\"elementor-post__read-more\" href=\"https:\/\/m2m-allnet.com\/en\/blog\/iot-netz-verstehen\/\" aria-label=\"Read more about IoT-Netz verstehen: Grundlagen, Aufbau und Nutzen\" tabindex=\"-1\" >\n\t\t\tREAD MORE\t\t<\/a>\n\n\t\t\t\t<\/div>\n\t\t\t\t\t<\/div>\n\t\t<\/article>\n\t\t\t\t<article class=\"elementor-post elementor-grid-item post-11905 post type-post status-publish format-standard has-post-thumbnail hentry category-uncategorized\" role=\"listitem\">\n\t\t\t<div class=\"elementor-post__card\">\n\t\t\t\t<a class=\"elementor-post__thumbnail__link\" href=\"https:\/\/m2m-allnet.com\/en\/blog\/iot-tarife-auswaehlen\/\" tabindex=\"-1\" ><div class=\"elementor-post__thumbnail\"><img loading=\"lazy\" decoding=\"async\" width=\"300\" height=\"169\" src=\"https:\/\/m2m-allnet.com\/wp-content\/uploads\/2025\/12\/IoT-Tarife-Auswahlen-Header-300x169.jpg\" class=\"attachment-medium size-medium wp-image-11907\" alt=\"Leiterplatte mit leuchtendem Geldsymbol davor\" srcset=\"https:\/\/m2m-allnet.com\/wp-content\/uploads\/2025\/12\/IoT-Tarife-Auswahlen-Header-300x169.jpg 300w, https:\/\/m2m-allnet.com\/wp-content\/uploads\/2025\/12\/IoT-Tarife-Auswahlen-Header-1024x576.jpg 1024w, https:\/\/m2m-allnet.com\/wp-content\/uploads\/2025\/12\/IoT-Tarife-Auswahlen-Header-768x432.jpg 768w, https:\/\/m2m-allnet.com\/wp-content\/uploads\/2025\/12\/IoT-Tarife-Auswahlen-Header-1536x864.jpg 1536w, https:\/\/m2m-allnet.com\/wp-content\/uploads\/2025\/12\/IoT-Tarife-Auswahlen-Header-2048x1152.jpg 2048w, https:\/\/m2m-allnet.com\/wp-content\/uploads\/2025\/12\/IoT-Tarife-Auswahlen-Header-18x10.jpg 18w\" sizes=\"(max-width: 300px) 100vw, 300px\" \/><\/div><\/a>\n\t\t\t\t<div class=\"elementor-post__text\">\n\t\t\t\t<h3 class=\"elementor-post__title\">\n\t\t\t<a href=\"https:\/\/m2m-allnet.com\/en\/blog\/iot-tarife-auswaehlen\/\" >\n\t\t\t\tIoT-Tarife richtig ausw\u00e4hlen \u2013 mit unseren Tipps\t\t\t<\/a>\n\t\t<\/h3>\n\t\t\t\t<div class=\"elementor-post__excerpt\">\n\t\t\t<p>IoT-Tarife richtig ausw\u00e4hlen \u2013 mit unseren Tipps Um die Leistungsf\u00e4higkeit und vor allem nahtlose Zusammenarbeit von modernen Ger\u00e4teflotten und Maschinen zu gew\u00e4hrleisten, braucht es nicht<\/p>\n\t\t<\/div>\n\t\t\n\t\t<a class=\"elementor-post__read-more\" href=\"https:\/\/m2m-allnet.com\/en\/blog\/iot-tarife-auswaehlen\/\" aria-label=\"Read more about IoT-Tarife richtig ausw\u00e4hlen \u2013 mit unseren Tipps\" tabindex=\"-1\" >\n\t\t\tREAD MORE\t\t<\/a>\n\n\t\t\t\t<\/div>\n\t\t\t\t\t<\/div>\n\t\t<\/article>\n\t\t\t\t<article class=\"elementor-post elementor-grid-item post-11894 post type-post status-publish format-standard has-post-thumbnail hentry category-uncategorized\" role=\"listitem\">\n\t\t\t<div class=\"elementor-post__card\">\n\t\t\t\t<a class=\"elementor-post__thumbnail__link\" href=\"https:\/\/m2m-allnet.com\/en\/blog\/remote-sim-provisioning\/\" tabindex=\"-1\" ><div class=\"elementor-post__thumbnail\"><img loading=\"lazy\" decoding=\"async\" width=\"300\" height=\"178\" src=\"https:\/\/m2m-allnet.com\/wp-content\/uploads\/2025\/12\/iStock-1530746390-300x178.jpg\" class=\"attachment-medium size-medium wp-image-11895\" alt=\"Modernes Smartphone mit leerem Bildschirm auf digitalem Hintergrund mit Programmcode.\" srcset=\"https:\/\/m2m-allnet.com\/wp-content\/uploads\/2025\/12\/iStock-1530746390-300x178.jpg 300w, https:\/\/m2m-allnet.com\/wp-content\/uploads\/2025\/12\/iStock-1530746390-1024x608.jpg 1024w, https:\/\/m2m-allnet.com\/wp-content\/uploads\/2025\/12\/iStock-1530746390-768x456.jpg 768w, https:\/\/m2m-allnet.com\/wp-content\/uploads\/2025\/12\/iStock-1530746390-1536x912.jpg 1536w, https:\/\/m2m-allnet.com\/wp-content\/uploads\/2025\/12\/iStock-1530746390-2048x1216.jpg 2048w, https:\/\/m2m-allnet.com\/wp-content\/uploads\/2025\/12\/iStock-1530746390-18x12.jpg 18w\" sizes=\"(max-width: 300px) 100vw, 300px\" \/><\/div><\/a>\n\t\t\t\t<div class=\"elementor-post__text\">\n\t\t\t\t<h3 class=\"elementor-post__title\">\n\t\t\t<a href=\"https:\/\/m2m-allnet.com\/en\/blog\/remote-sim-provisioning\/\" >\n\t\t\t\tRemote-SIM-Provisioning von uns verst\u00e4ndlich erkl\u00e4rt\t\t\t<\/a>\n\t\t<\/h3>\n\t\t\t\t<div class=\"elementor-post__excerpt\">\n\t\t\t<p>Remote-SIM-Provisioning von uns verst\u00e4ndlich erkl\u00e4rt In der modernen Mobilfunkwelt gewinnt das sogenannte Remote-SIM-Provisioning zunehmend an Bedeutung. Doch was steckt genau hinter diesem Begriff und wie<\/p>\n\t\t<\/div>\n\t\t\n\t\t<a class=\"elementor-post__read-more\" href=\"https:\/\/m2m-allnet.com\/en\/blog\/remote-sim-provisioning\/\" aria-label=\"Read more about Remote-SIM-Provisioning von uns verst\u00e4ndlich erkl\u00e4rt\" tabindex=\"-1\" >\n\t\t\tREAD MORE\t\t<\/a>\n\n\t\t\t\t<\/div>\n\t\t\t\t\t<\/div>\n\t\t<\/article>\n\t\t\t\t<article class=\"elementor-post elementor-grid-item post-11806 post type-post status-publish format-standard has-post-thumbnail hentry category-uncategorized\" role=\"listitem\">\n\t\t\t<div class=\"elementor-post__card\">\n\t\t\t\t<a class=\"elementor-post__thumbnail__link\" href=\"https:\/\/m2m-allnet.com\/en\/blog\/narrowband-iot\/\" tabindex=\"-1\" ><div class=\"elementor-post__thumbnail\"><img loading=\"lazy\" decoding=\"async\" width=\"300\" height=\"200\" src=\"https:\/\/m2m-allnet.com\/wp-content\/uploads\/2025\/10\/207136622_xl-300x200.jpg\" class=\"attachment-medium size-medium wp-image-11821\" alt=\"Luftaufnahme einer beleuchteten Stadt bei Nacht mit vernetzten Punkten und Linien, die digitale Kommunikation darstellen\" srcset=\"https:\/\/m2m-allnet.com\/wp-content\/uploads\/2025\/10\/207136622_xl-300x200.jpg 300w, https:\/\/m2m-allnet.com\/wp-content\/uploads\/2025\/10\/207136622_xl-1024x683.jpg 1024w, https:\/\/m2m-allnet.com\/wp-content\/uploads\/2025\/10\/207136622_xl-768x512.jpg 768w, https:\/\/m2m-allnet.com\/wp-content\/uploads\/2025\/10\/207136622_xl-1536x1024.jpg 1536w, https:\/\/m2m-allnet.com\/wp-content\/uploads\/2025\/10\/207136622_xl-2048x1365.jpg 2048w, https:\/\/m2m-allnet.com\/wp-content\/uploads\/2025\/10\/207136622_xl-18x12.jpg 18w\" sizes=\"(max-width: 300px) 100vw, 300px\" \/><\/div><\/a>\n\t\t\t\t<div class=\"elementor-post__text\">\n\t\t\t\t<h3 class=\"elementor-post__title\">\n\t\t\t<a href=\"https:\/\/m2m-allnet.com\/en\/blog\/narrowband-iot\/\" >\n\t\t\t\tNarrowband IoT (NB-IoT): Was genau steckt dahinter?\t\t\t<\/a>\n\t\t<\/h3>\n\t\t\t\t<div class=\"elementor-post__excerpt\">\n\t\t\t<p>Narrowband IoT (NB-IoT): Was genau steckt dahinter? Bereits seit Jahren kommunizieren t\u00e4glich Milliarden von Ger\u00e4ten miteinander \u2013 vom intelligenten Stromz\u00e4hler bis zur vernetzten Industrieanlage. Narrowband<\/p>\n\t\t<\/div>\n\t\t\n\t\t<a class=\"elementor-post__read-more\" href=\"https:\/\/m2m-allnet.com\/en\/blog\/narrowband-iot\/\" aria-label=\"Read more about Narrowband IoT (NB-IoT): Was genau steckt dahinter?\" tabindex=\"-1\" >\n\t\t\tREAD MORE\t\t<\/a>\n\n\t\t\t\t<\/div>\n\t\t\t\t\t<\/div>\n\t\t<\/article>\n\t\t\t\t<\/div>\n\t\t\n\t\t\t\t\t\t<\/div>\n\t\t\t\t<\/div>\n\t\t\t\t\t<\/div>\n\t\t<\/div>\n\t\t\t\t\t<\/div>\n\t\t<\/section>\n\t\t\t\t<\/div>","protected":false},"excerpt":{"rendered":"<p>M2M Allnet Blog Wissenswertes rund um M2M und IoT In unserem Blog finden Sie Beitr\u00e4ge im Bereich M2M und IoT. Wir sind Experten in diesem Feld und m\u00f6chten unsere langj\u00e4hrige Erfahrung mit Ihnen teilen. Wir nehmen Sie mit, auf eine Reise in die Fachwelt, kl\u00e4ren \u00fcber neue Trendthemen auf und geben ab und zu einen [&hellip;]<\/p>\n","protected":false},"author":3,"featured_media":0,"parent":0,"menu_order":0,"comment_status":"closed","ping_status":"closed","template":"","meta":{"footnotes":""},"class_list":["post-1373","page","type-page","status-publish","hentry"],"_links":{"self":[{"href":"https:\/\/m2m-allnet.com\/en\/wp-json\/wp\/v2\/pages\/1373","targetHints":{"allow":["GET"]}}],"collection":[{"href":"https:\/\/m2m-allnet.com\/en\/wp-json\/wp\/v2\/pages"}],"about":[{"href":"https:\/\/m2m-allnet.com\/en\/wp-json\/wp\/v2\/types\/page"}],"author":[{"embeddable":true,"href":"https:\/\/m2m-allnet.com\/en\/wp-json\/wp\/v2\/users\/3"}],"replies":[{"embeddable":true,"href":"https:\/\/m2m-allnet.com\/en\/wp-json\/wp\/v2\/comments?post=1373"}],"version-history":[{"count":10,"href":"https:\/\/m2m-allnet.com\/en\/wp-json\/wp\/v2\/pages\/1373\/revisions"}],"predecessor-version":[{"id":10953,"href":"https:\/\/m2m-allnet.com\/en\/wp-json\/wp\/v2\/pages\/1373\/revisions\/10953"}],"wp:attachment":[{"href":"https:\/\/m2m-allnet.com\/en\/wp-json\/wp\/v2\/media?parent=1373"}],"curies":[{"name":"wp","href":"https:\/\/api.w.org\/{rel}","templated":true}]}}